{"id":4919,"date":"2013-08-11T19:22:53","date_gmt":"2013-08-11T19:22:53","guid":{"rendered":"http:\/\/boutiqueartinca.mywhc.ca\/en\/contact\/"},"modified":"2020-09-15T14:46:25","modified_gmt":"2020-09-15T18:46:25","slug":"contact","status":"publish","type":"page","link":"https:\/\/boutiqueartinca.com\/en\/contact\/","title":{"rendered":"Contact Inca art Boutique"},"content":{"rendered":"\n  <div class=\"banner has-hover has-parallax\" id=\"banner-1297402794\">\n          <div class=\"banner-inner fill\">\n        <div class=\"banner-bg fill\" data-parallax=\"-3\" data-parallax-container=\".banner\" data-parallax-background>\n            <img loading=\"lazy\" decoding=\"async\" width=\"487\" height=\"400\" src=\"https:\/\/boutiqueartinca.com\/wp-content\/uploads\/2016\/06\/Nappe-equateur-blanc-tissu.jpg\" class=\"bg attachment-large size-large\" alt=\"\" \/>                        <div class=\"overlay\"><\/div>            \n                    <\/div>\n\t\t\n        <div class=\"banner-layers container\">\n            <div class=\"fill banner-link\"><\/div>            \n\n   <div id=\"text-box-892686713\" class=\"text-box banner-layer x50 md-x50 lg-x50 y50 md-y50 lg-y50 res-text\">\n                                <div class=\"text-box-content text dark\">\n              \n              <div class=\"text-inner text-center\">\n                  \n\n<h2>2 locations to serve you better<b class=\"b4\"><\/b><\/h2>\n\n              <\/div>\n           <\/div>\n                            \n<style>\n#text-box-892686713 {\n  width: 60%;\n}\n#text-box-892686713 .text-box-content {\n  font-size: 100%;\n}\n@media (min-width:550px) {\n  #text-box-892686713 {\n    width: 70%;\n  }\n}\n<\/style>\n    <\/div>\n \n\n        <\/div>\n      <\/div>\n\n            \n<style>\n#banner-1297402794 {\n  padding-top: 400px;\n}\n#banner-1297402794 .overlay {\n  background-color: rgba(0,0,0,.5);\n}\n<\/style>\n  <\/div>\n\n\n<div class=\"row\"  id=\"row-2061498660\">\n\n\n\t<div id=\"col-1134052671\" class=\"col medium-6 large-6\"  >\n\t\t\t\t<div class=\"col-inner\"  >\n\t\t\t\n\t\t\t\n\n<h3>Our Office<\/h3>\n<p>1274 rue B\u00e9lair<br \/>Joliette (Qu\u00e9bec) Canada J6E 8E7<br \/>* Visits\u00a0on appointment only<\/p>\n<p>Tel.: 1 855 699-INCA (4622)<\/p>\n<h3>The Family&#8217;s Boutique*<\/h3>\n<p>471, rue principale,<br \/>Saint-\u00c9m\u00e9lie-de-l&#8217;\u00c9nergie (Qu\u00e9bec), J0K 2K0<br \/><a href=\"https:\/\/www.google.ca\/maps\/place\/Artisanat+P%C3%A9ruvien\/@46.325115,-73.641542,15z\/data=!4m5!1m2!2m1!1sArtisanat+P%C3%A9ruvien!3m1!1s0x4cc600bfc716bdaf:0xc48152b695800d8f\" target=\"_blank\" rel=\"noopener noreferrer\">Google Map<\/a><\/p>\n<p>Opening Hours:<br \/>Monday: CLOSE<br \/>Tuesday to Sunday:\u00a09am to 5pm.<\/p>\n<p>* <strong>Warning<\/strong>: the family&#8217;s butique and the online store have separate product inventories. Call before if you want to see a particular product so we can check its availability.<\/p>\n\n\t\t<\/div>\n\t\t\t\t\t<\/div>\n\n\t\n\n\t<div id=\"col-1999830559\" class=\"col medium-6 large-6\"  >\n\t\t\t\t<div class=\"col-inner\"  >\n\t\t\t\n\t\t\t\n\n<div class=\"container section-title-container\" ><h3 class=\"section-title section-title-normal\"><b aria-hidden=\"true\"><\/b><span class=\"section-title-main\" >Contact us by EmaiL<\/span><b aria-hidden=\"true\"><\/b><\/h3><\/div>\n\n\n<div class=\"wpcf7 no-js\" id=\"wpcf7-f4923-o1\" lang=\"fr-FR\" dir=\"ltr\" data-wpcf7-id=\"4923\">\n<div class=\"screen-reader-response\"><p role=\"status\" aria-live=\"polite\" aria-atomic=\"true\"><\/p> <ul><\/ul><\/div>\n<form action=\"\/en\/wp-json\/wp\/v2\/pages\/4919#wpcf7-f4923-o1\" method=\"post\" class=\"wpcf7-form init\" aria-label=\"Formulaire de contact\" novalidate=\"novalidate\" data-status=\"init\">\n<fieldset class=\"hidden-fields-container\"><input type=\"hidden\" name=\"_wpcf7\" value=\"4923\" \/><input type=\"hidden\" name=\"_wpcf7_version\" value=\"6.1.5\" \/><input type=\"hidden\" name=\"_wpcf7_locale\" value=\"fr_FR\" \/><input type=\"hidden\" name=\"_wpcf7_unit_tag\" value=\"wpcf7-f4923-o1\" \/><input type=\"hidden\" name=\"_wpcf7_container_post\" value=\"0\" \/><input type=\"hidden\" name=\"_wpcf7_posted_data_hash\" value=\"\" \/><input type=\"hidden\" name=\"_wpcf7_recaptcha_response\" value=\"\" \/>\n<\/fieldset>\n<p>Your Name (Required)\n<\/p>\n<p><span class=\"wpcf7-form-control-wrap\" data-name=\"your-name\"><input size=\"40\" maxlength=\"400\" class=\"wpcf7-form-control wpcf7-text wpcf7-validates-as-required\" aria-required=\"true\" aria-invalid=\"false\" value=\"\" type=\"text\" name=\"your-name\" \/><\/span>\n<\/p>\n<p>Your email (Required)\n<\/p>\n<p><span class=\"wpcf7-form-control-wrap\" data-name=\"your-email\"><input size=\"40\" maxlength=\"400\" class=\"wpcf7-form-control wpcf7-email wpcf7-validates-as-required wpcf7-text wpcf7-validates-as-email\" aria-required=\"true\" aria-invalid=\"false\" value=\"\" type=\"email\" name=\"your-email\" \/><\/span>\n<\/p>\n<p>Subject\n<\/p>\n<p><span class=\"wpcf7-form-control-wrap\" data-name=\"your-subject\"><input size=\"40\" maxlength=\"400\" class=\"wpcf7-form-control wpcf7-text\" aria-invalid=\"false\" value=\"\" type=\"text\" name=\"your-subject\" \/><\/span>\n<\/p>\n<p>Your message\n<\/p>\n<p><span class=\"wpcf7-form-control-wrap\" data-name=\"your-message\"><textarea cols=\"40\" rows=\"10\" maxlength=\"2000\" class=\"wpcf7-form-control wpcf7-textarea\" aria-invalid=\"false\" name=\"your-message\"><\/textarea><\/span>\n<\/p>\n<p><span class=\"wpcf7-form-control-wrap\" data-name=\"infolettre\"><span class=\"wpcf7-form-control wpcf7-checkbox\"><span class=\"wpcf7-list-item first last\"><input type=\"checkbox\" name=\"infolettre[]\" value=\"Yes, subscribe me to the newsletter\" \/><span class=\"wpcf7-list-item-label\">Yes, subscribe me to the newsletter<\/span><\/span><\/span><\/span>\n<\/p>\n\n<p><input class=\"wpcf7-form-control wpcf7-submit has-spinner\" type=\"submit\" value=\"Send\" \/>\n<\/p><p style=\"display: none !important;\" class=\"akismet-fields-container\" data-prefix=\"_wpcf7_ak_\"><label>&#916;<textarea name=\"_wpcf7_ak_hp_textarea\" cols=\"45\" rows=\"8\" maxlength=\"100\"><\/textarea><\/label><input type=\"hidden\" id=\"ak_js_1\" name=\"_wpcf7_ak_js\" value=\"155\"\/><script type=\"text\/javascript\">\n\/* <![CDATA[ *\/\ndocument.getElementById( \"ak_js_1\" ).setAttribute( \"value\", ( new Date() ).getTime() );\n\/* ]]> *\/\n<\/script>\n<\/p><div class=\"wpcf7-response-output\" aria-hidden=\"true\"><\/div>\n<\/form>\n<\/div>\n\n\n\n\t\t<\/div>\n\t\t\t\t\t<\/div>\n\n\t\n\n<\/div>\n<p>&nbsp;<\/p>","protected":false},"excerpt":{"rendered":"<p>&nbsp;<\/p>\n","protected":false},"author":1,"featured_media":0,"parent":0,"menu_order":0,"comment_status":"closed","ping_status":"closed","template":"page-blank.php","meta":{"footnotes":""},"class_list":["post-4919","page","type-page","status-publish","hentry"],"yoast_head":"<!-- This site is optimized with the Yoast SEO Premium plugin v27.5 (Yoast SEO v27.5) - https:\/\/yoast.com\/product\/yoast-seo-premium-wordpress\/ -->\n<title>Contact Inca art Boutique - Boutique art Inca<\/title>\n<meta name=\"robots\" content=\"index, follow, max-snippet:-1, max-image-preview:large, max-video-preview:-1\" \/>\n<link rel=\"canonical\" href=\"https:\/\/boutiqueartinca.com\/en\/contact\/\" \/>\n<meta property=\"og:locale\" content=\"en_US\" \/>\n<meta property=\"og:type\" content=\"article\" \/>\n<meta property=\"og:title\" content=\"Contact Inca art Boutique\" \/>\n<meta property=\"og:description\" content=\"&nbsp;\" \/>\n<meta property=\"og:url\" content=\"https:\/\/boutiqueartinca.com\/en\/contact\/\" \/>\n<meta property=\"og:site_name\" content=\"Boutique art Inca\" \/>\n<meta property=\"article:publisher\" content=\"https:\/\/www.facebook.com\/Boutiquecadeauartinca\/\" \/>\n<meta property=\"article:modified_time\" content=\"2020-09-15T18:46:25+00:00\" \/>\n<meta property=\"og:image\" content=\"https:\/\/boutiqueartinca.com\/wp-content\/uploads\/2013\/08\/boutique-art-inca2.jpg\" \/>\n\t<meta property=\"og:image:width\" content=\"1200\" \/>\n\t<meta property=\"og:image:height\" content=\"630\" \/>\n\t<meta property=\"og:image:type\" content=\"image\/jpeg\" \/>\n<meta name=\"twitter:card\" content=\"summary_large_image\" \/>\n<meta name=\"twitter:site\" content=\"@boutiqueartInca\" \/>\n<meta name=\"twitter:label1\" content=\"Est. reading time\" \/>\n\t<meta name=\"twitter:data1\" content=\"1 minute\" \/>\n<script type=\"application\/ld+json\" class=\"yoast-schema-graph\">{\"@context\":\"https:\\\/\\\/schema.org\",\"@graph\":[{\"@type\":\"WebPage\",\"@id\":\"https:\\\/\\\/boutiqueartinca.com\\\/en\\\/contact\\\/\",\"url\":\"https:\\\/\\\/boutiqueartinca.com\\\/en\\\/contact\\\/\",\"name\":\"Contact Inca art Boutique - Boutique art Inca\",\"isPartOf\":{\"@id\":\"https:\\\/\\\/boutiqueartinca.com\\\/en\\\/#website\"},\"datePublished\":\"2013-08-11T19:22:53+00:00\",\"dateModified\":\"2020-09-15T18:46:25+00:00\",\"breadcrumb\":{\"@id\":\"https:\\\/\\\/boutiqueartinca.com\\\/en\\\/contact\\\/#breadcrumb\"},\"inLanguage\":\"en-CA\",\"potentialAction\":[{\"@type\":\"ReadAction\",\"target\":[\"https:\\\/\\\/boutiqueartinca.com\\\/en\\\/contact\\\/\"]}]},{\"@type\":\"BreadcrumbList\",\"@id\":\"https:\\\/\\\/boutiqueartinca.com\\\/en\\\/contact\\\/#breadcrumb\",\"itemListElement\":[{\"@type\":\"ListItem\",\"position\":1,\"name\":\"Accueil\",\"item\":\"https:\\\/\\\/boutiqueartinca.com\\\/en\\\/\"},{\"@type\":\"ListItem\",\"position\":2,\"name\":\"Contact Inca art Boutique\"}]},{\"@type\":\"WebSite\",\"@id\":\"https:\\\/\\\/boutiqueartinca.com\\\/en\\\/#website\",\"url\":\"https:\\\/\\\/boutiqueartinca.com\\\/en\\\/\",\"name\":\"Boutique art Inca\",\"description\":\"Laine d&#039;alpaga, artisanat et plus!\",\"publisher\":{\"@id\":\"https:\\\/\\\/boutiqueartinca.com\\\/en\\\/#organization\"},\"alternateName\":\"artinca\",\"potentialAction\":[{\"@type\":\"SearchAction\",\"target\":{\"@type\":\"EntryPoint\",\"urlTemplate\":\"https:\\\/\\\/boutiqueartinca.com\\\/en\\\/?s={search_term_string}\"},\"query-input\":{\"@type\":\"PropertyValueSpecification\",\"valueRequired\":true,\"valueName\":\"search_term_string\"}}],\"inLanguage\":\"en-CA\"},{\"@type\":[\"Organization\",\"Place\",\"ClothingStore\"],\"@id\":\"https:\\\/\\\/boutiqueartinca.com\\\/en\\\/#organization\",\"name\":\"Boutique art Inca\",\"alternateName\":\"artinca\",\"url\":\"https:\\\/\\\/boutiqueartinca.com\\\/en\\\/\",\"logo\":{\"@id\":\"https:\\\/\\\/boutiqueartinca.com\\\/en\\\/contact\\\/#local-main-organization-logo\"},\"image\":{\"@id\":\"https:\\\/\\\/boutiqueartinca.com\\\/en\\\/contact\\\/#local-main-organization-logo\"},\"sameAs\":[\"https:\\\/\\\/www.facebook.com\\\/Boutiquecadeauartinca\\\/\",\"https:\\\/\\\/x.com\\\/boutiqueartInca\",\"https:\\\/\\\/www.instagram.com\\\/alpagainca\\\/\",\"https:\\\/\\\/www.linkedin.com\\\/company\\\/boutique-art-inca\\\/\",\"https:\\\/\\\/www.pinterest.com\\\/boutiqueartinca\\\/\"],\"description\":\"Boutique art Inca, c\u2019est l\u2019amour des produits de laine d\u2019alpaga et de la culture sud-am\u00e9ricaine. C\u2019est un espace de couleurs, d\u2019exotisme de r\u00e9confort et de douceur, \u00e0 offrir en cadeau ou \u00e0 soi-m\u00eame.\",\"legalName\":\"Boutique art Inca\",\"foundingDate\":\"2013-07-01\",\"naics\":\"458110\",\"numberOfEmployees\":{\"@type\":\"QuantitativeValue\",\"minValue\":\"1\",\"maxValue\":\"10\"},\"hasMerchantReturnPolicy\":{\"@type\":\"MerchantReturnPolicy\",\"merchantReturnLink\":\"https:\\\/\\\/boutiqueartinca.com\\\/politique-achat\\\/\"},\"address\":{\"@id\":\"https:\\\/\\\/boutiqueartinca.com\\\/en\\\/contact\\\/#local-main-place-address\"},\"telephone\":[\"1 855 699-4622\"],\"openingHoursSpecification\":[],\"email\":\"info@boutiqueartinca.com\",\"vatID\":\"729404095RT0001\",\"taxID\":\"1209174002tq0001\",\"priceRange\":\"$\",\"currenciesAccepted\":\"CAD\",\"paymentAccepted\":\"Credit card, paypal\"},{\"@type\":\"PostalAddress\",\"@id\":\"https:\\\/\\\/boutiqueartinca.com\\\/en\\\/contact\\\/#local-main-place-address\",\"streetAddress\":\"1274 rue b\u00e9lair\",\"addressLocality\":\"Joliette\",\"postalCode\":\"J6E8E7\",\"addressRegion\":\"QC\",\"addressCountry\":\"CA\"},{\"@type\":\"ImageObject\",\"inLanguage\":\"en-CA\",\"@id\":\"https:\\\/\\\/boutiqueartinca.com\\\/en\\\/contact\\\/#local-main-organization-logo\",\"url\":\"https:\\\/\\\/boutiqueartinca.com\\\/wp-content\\\/uploads\\\/2016\\\/05\\\/logo_inca_header.png\",\"contentUrl\":\"https:\\\/\\\/boutiqueartinca.com\\\/wp-content\\\/uploads\\\/2016\\\/05\\\/logo_inca_header.png\",\"width\":293,\"height\":101,\"caption\":\"Boutique art Inca\"}]}<\/script>\n<meta name=\"geo.placename\" content=\"Joliette\" \/>\n<meta name=\"geo.region\" content=\"Canada\" \/>\n<!-- \/ Yoast SEO Premium plugin. -->","yoast_head_json":{"title":"Contact Inca art Boutique - Boutique art Inca","robots":{"index":"index","follow":"follow","max-snippet":"max-snippet:-1","max-image-preview":"max-image-preview:large","max-video-preview":"max-video-preview:-1"},"canonical":"https:\/\/boutiqueartinca.com\/en\/contact\/","og_locale":"en_US","og_type":"article","og_title":"Contact Inca art Boutique","og_description":"&nbsp;","og_url":"https:\/\/boutiqueartinca.com\/en\/contact\/","og_site_name":"Boutique art Inca","article_publisher":"https:\/\/www.facebook.com\/Boutiquecadeauartinca\/","article_modified_time":"2020-09-15T18:46:25+00:00","og_image":[{"width":1200,"height":630,"url":"https:\/\/boutiqueartinca.com\/wp-content\/uploads\/2013\/08\/boutique-art-inca2.jpg","type":"image\/jpeg"}],"twitter_card":"summary_large_image","twitter_site":"@boutiqueartInca","twitter_misc":{"Est. reading time":"1 minute"},"schema":{"@context":"https:\/\/schema.org","@graph":[{"@type":"WebPage","@id":"https:\/\/boutiqueartinca.com\/en\/contact\/","url":"https:\/\/boutiqueartinca.com\/en\/contact\/","name":"Contact Inca art Boutique - Boutique art Inca","isPartOf":{"@id":"https:\/\/boutiqueartinca.com\/en\/#website"},"datePublished":"2013-08-11T19:22:53+00:00","dateModified":"2020-09-15T18:46:25+00:00","breadcrumb":{"@id":"https:\/\/boutiqueartinca.com\/en\/contact\/#breadcrumb"},"inLanguage":"en-CA","potentialAction":[{"@type":"ReadAction","target":["https:\/\/boutiqueartinca.com\/en\/contact\/"]}]},{"@type":"BreadcrumbList","@id":"https:\/\/boutiqueartinca.com\/en\/contact\/#breadcrumb","itemListElement":[{"@type":"ListItem","position":1,"name":"Accueil","item":"https:\/\/boutiqueartinca.com\/en\/"},{"@type":"ListItem","position":2,"name":"Contact Inca art Boutique"}]},{"@type":"WebSite","@id":"https:\/\/boutiqueartinca.com\/en\/#website","url":"https:\/\/boutiqueartinca.com\/en\/","name":"Boutique art Inca","description":"Laine d&#039;alpaga, artisanat et plus!","publisher":{"@id":"https:\/\/boutiqueartinca.com\/en\/#organization"},"alternateName":"artinca","potentialAction":[{"@type":"SearchAction","target":{"@type":"EntryPoint","urlTemplate":"https:\/\/boutiqueartinca.com\/en\/?s={search_term_string}"},"query-input":{"@type":"PropertyValueSpecification","valueRequired":true,"valueName":"search_term_string"}}],"inLanguage":"en-CA"},{"@type":["Organization","Place","ClothingStore"],"@id":"https:\/\/boutiqueartinca.com\/en\/#organization","name":"Boutique art Inca","alternateName":"artinca","url":"https:\/\/boutiqueartinca.com\/en\/","logo":{"@id":"https:\/\/boutiqueartinca.com\/en\/contact\/#local-main-organization-logo"},"image":{"@id":"https:\/\/boutiqueartinca.com\/en\/contact\/#local-main-organization-logo"},"sameAs":["https:\/\/www.facebook.com\/Boutiquecadeauartinca\/","https:\/\/x.com\/boutiqueartInca","https:\/\/www.instagram.com\/alpagainca\/","https:\/\/www.linkedin.com\/company\/boutique-art-inca\/","https:\/\/www.pinterest.com\/boutiqueartinca\/"],"description":"Boutique art Inca, c\u2019est l\u2019amour des produits de laine d\u2019alpaga et de la culture sud-am\u00e9ricaine. C\u2019est un espace de couleurs, d\u2019exotisme de r\u00e9confort et de douceur, \u00e0 offrir en cadeau ou \u00e0 soi-m\u00eame.","legalName":"Boutique art Inca","foundingDate":"2013-07-01","naics":"458110","numberOfEmployees":{"@type":"QuantitativeValue","minValue":"1","maxValue":"10"},"hasMerchantReturnPolicy":{"@type":"MerchantReturnPolicy","merchantReturnLink":"https:\/\/boutiqueartinca.com\/politique-achat\/"},"address":{"@id":"https:\/\/boutiqueartinca.com\/en\/contact\/#local-main-place-address"},"telephone":["1 855 699-4622"],"openingHoursSpecification":[],"email":"info@boutiqueartinca.com","vatID":"729404095RT0001","taxID":"1209174002tq0001","priceRange":"$","currenciesAccepted":"CAD","paymentAccepted":"Credit card, paypal"},{"@type":"PostalAddress","@id":"https:\/\/boutiqueartinca.com\/en\/contact\/#local-main-place-address","streetAddress":"1274 rue b\u00e9lair","addressLocality":"Joliette","postalCode":"J6E8E7","addressRegion":"QC","addressCountry":"CA"},{"@type":"ImageObject","inLanguage":"en-CA","@id":"https:\/\/boutiqueartinca.com\/en\/contact\/#local-main-organization-logo","url":"https:\/\/boutiqueartinca.com\/wp-content\/uploads\/2016\/05\/logo_inca_header.png","contentUrl":"https:\/\/boutiqueartinca.com\/wp-content\/uploads\/2016\/05\/logo_inca_header.png","width":293,"height":101,"caption":"Boutique art Inca"}]},"geo.placename":"Joliette","geo.region":"Canada"},"_links":{"self":[{"href":"https:\/\/boutiqueartinca.com\/en\/wp-json\/wp\/v2\/pages\/4919","targetHints":{"allow":["GET"]}}],"collection":[{"href":"https:\/\/boutiqueartinca.com\/en\/wp-json\/wp\/v2\/pages"}],"about":[{"href":"https:\/\/boutiqueartinca.com\/en\/wp-json\/wp\/v2\/types\/page"}],"author":[{"embeddable":true,"href":"https:\/\/boutiqueartinca.com\/en\/wp-json\/wp\/v2\/users\/1"}],"replies":[{"embeddable":true,"href":"https:\/\/boutiqueartinca.com\/en\/wp-json\/wp\/v2\/comments?post=4919"}],"version-history":[{"count":4,"href":"https:\/\/boutiqueartinca.com\/en\/wp-json\/wp\/v2\/pages\/4919\/revisions"}],"predecessor-version":[{"id":90115,"href":"https:\/\/boutiqueartinca.com\/en\/wp-json\/wp\/v2\/pages\/4919\/revisions\/90115"}],"wp:attachment":[{"href":"https:\/\/boutiqueartinca.com\/en\/wp-json\/wp\/v2\/media?parent=4919"}],"curies":[{"name":"wp","href":"https:\/\/api.w.org\/{rel}","templated":true}]}}