{"id":90936,"date":"2020-11-26T21:07:01","date_gmt":"2020-11-27T02:07:01","guid":{"rendered":"https:\/\/boutiqueartinca.com\/?page_id=90936"},"modified":"2021-12-03T09:22:13","modified_gmt":"2021-12-03T14:22:13","slug":"revue-de-presse","status":"publish","type":"page","link":"https:\/\/boutiqueartinca.com\/en\/revue-de-presse\/","title":{"rendered":"Revue de presse"},"content":{"rendered":"<div class=\"slider-wrapper relative\" id=\"slider-1079040633\" >\n    <div class=\"slider slider-nav-circle slider-nav-large slider-nav-light slider-style-normal\"\n        data-flickity-options='{\n            \"cellAlign\": \"center\",\n            \"imagesLoaded\": true,\n            \"lazyLoad\": 1,\n            \"freeScroll\": false,\n            \"wrapAround\": true,\n            \"autoPlay\": 6000,\n            \"pauseAutoPlayOnHover\" : true,\n            \"prevNextButtons\": true,\n            \"contain\" : true,\n            \"adaptiveHeight\" : true,\n            \"dragThreshold\" : 10,\n            \"percentPosition\": true,\n            \"pageDots\": true,\n            \"rightToLeft\": false,\n            \"draggable\": true,\n            \"selectedAttraction\": 0.1,\n            \"parallax\" : 0,\n            \"friction\": 0.6        }'\n        >\n        \n\n\n  <div class=\"banner has-hover\" id=\"banner-1985620936\">\n          <div class=\"banner-inner fill\">\n        <div class=\"banner-bg fill\" >\n            <img loading=\"lazy\" decoding=\"async\" width=\"1366\" height=\"768\" src=\"https:\/\/boutiqueartinca.com\/wp-content\/uploads\/2018\/03\/promo-printemps-alpaga2.jpg\" class=\"bg attachment-original size-original\" alt=\"alpaga promotion printemps\" \/>                                    \n                    <\/div>\n\t\t\n        <div class=\"banner-layers container\">\n            <div class=\"fill banner-link\"><\/div>            \n\n   <div id=\"text-box-358566465\" class=\"text-box banner-layer x5 md-x5 lg-x5 y95 md-y50 lg-y50 res-text\">\n                                <div class=\"text-box-content text box-shadow-1\">\n              \n              <div class=\"text-inner text-left\">\n                  \n\n<h6>Press review<\/h6>\n<h3 class=\"uppercase\">They talk about us!<\/h3>\n\n              <\/div>\n           <\/div>\n                            \n<style>\n#text-box-358566465 .text-box-content {\n  background-color: rgba(255, 255, 255, 0.94);\n  font-size: 100%;\n}\n#text-box-358566465 .text-inner {\n  padding: 30px 30px 30px 30px;\n}\n#text-box-358566465 {\n  width: 90%;\n}\n@media (min-width:550px) {\n  #text-box-358566465 {\n    width: 44%;\n  }\n}\n<\/style>\n    <\/div>\n \n\n        <\/div>\n      <\/div>\n\n            \n<style>\n#banner-1985620936 {\n  padding-top: 500px;\n}\n#banner-1985620936 .banner-bg img {\n  object-position: 62% 60%;\n}\n<\/style>\n  <\/div>\n\n\n\n     <\/div>\n\n     <div class=\"loading-spin dark large centered\"><\/div>\n\n\t<\/div>\n\n\n\n\t<section class=\"section\" id=\"section_1206254234\">\n\t\t<div class=\"section-bg fill\" >\n\t\t\t\t\t\t\t\t\t\n\t\t\t\n\n\t\t<\/div>\n\n\t\t\n\n\t\t<div class=\"section-content relative\">\n\t\t\t\n\n<div class=\"row row-large align-center row-divided\"  id=\"row-1263705028\">\n\n\n\t<div id=\"col-2122436130\" class=\"col medium-4 large-4\"  >\n\t\t\t\t<div class=\"col-inner\"  >\n\t\t\t\n\t\t\t\n\n\n\t<a class=\"plain\" href=\"https:\/\/myrosebuddha.com\/fr\/blogs\/journal\/the-50-best-eco-friendly-christmas-gifts\" target=\"_blank\" rel=\"noopener\" >\t<div class=\"icon-box featured-box icon-box-center text-center\"  style=\"margin:0px 0px 0px 0px;\">\n\t\t\t\t\t<div class=\"icon-box-img has-icon-bg\" style=\"width: 20px\">\n\t\t\t\t<div class=\"icon\">\n\t\t\t\t\t<div class=\"icon-inner\" style=\"border-width:2px;\">\n\t\t\t\t\t\t\t\t\t\t\t<\/div>\n\t\t\t\t<\/div>\n\t\t\t<\/div>\n\t\t\t\t<div class=\"icon-box-text last-reset\">\n\t\t\t<h5 class=\"uppercase\">Rose Buddha<\/h5>\t\t\t\t\t\t\n\n<h2>Les 50 meilleures id\u00e9es cadeaux des f\u00eates pour \u00e9colos<\/h2>\n<a href=\"https:\/\/nymag.com\/strategist\/amp\/article\/warmest-socks-on-the-market.html\" target=\"_blank\" class=\"button primary lowercase\" rel=\"noopener\" >\n\t\t<span>See the article (french only)<\/span>\n\t<\/a>\n\n\n\n\t\t<\/div>\n\t<\/div>\n\t<\/a>\n\t\n\n\t\t<\/div>\n\t\t\t\t\t<\/div>\n\n\t\n\n\t<div id=\"col-1590149701\" class=\"col medium-4 large-4\"  >\n\t\t\t\t<div class=\"col-inner\"  >\n\t\t\t\n\t\t\t\n\n\n\t\t<div class=\"icon-box featured-box icon-box-center text-center\"  style=\"margin:0px 0px 0px 0px;\">\n\t\t\t\t\t<div class=\"icon-box-img has-icon-bg\" style=\"width: 20px\">\n\t\t\t\t<div class=\"icon\">\n\t\t\t\t\t<div class=\"icon-inner\" style=\"border-width:2px;\">\n\t\t\t\t\t\t\t\t\t\t\t<\/div>\n\t\t\t\t<\/div>\n\t\t\t<\/div>\n\t\t\t\t<div class=\"icon-box-text last-reset\">\n\t\t\t<h5 class=\"uppercase\">Nymag.com<\/h5>\t\t\t\t\t\t\n\n<h2>A Long List of Very Warm Socks &#8211; Recommended by people who spend a great deal of time in the cold.<\/h2>\n<a href=\"https:\/\/nymag.com\/strategist\/article\/warmest-socks-on-the-market.html\" target=\"_blank\" class=\"button primary lowercase\" rel=\"noopener\" >\n\t\t<span>Voir l'article<\/span>\n\t<\/a>\n\n\n\n\t\t<\/div>\n\t<\/div>\n\t\n\t\n\n\t\t<\/div>\n\t\t\t\t\t<\/div>\n\n\t\n\n\t<div id=\"col-826317701\" class=\"col medium-4 large-4\"  >\n\t\t\t\t<div class=\"col-inner\"  >\n\t\t\t\n\t\t\t\n\n\n\t\t<div class=\"icon-box featured-box icon-box-center text-center\"  style=\"margin:0px 0px 0px 0px;\">\n\t\t\t\t\t<div class=\"icon-box-img has-icon-bg\" style=\"width: 20px\">\n\t\t\t\t<div class=\"icon\">\n\t\t\t\t\t<div class=\"icon-inner\" style=\"border-width:2px;\">\n\t\t\t\t\t\t\t\t\t\t\t<\/div>\n\t\t\t\t<\/div>\n\t\t\t<\/div>\n\t\t\t\t<div class=\"icon-box-text last-reset\">\n\t\t\t<h5 class=\"uppercase\">enmoderesponsable.com<\/h5>\t\t\t\t\t\t\n\n<h2>Boutique art Inca &#8211; New partner!<\/h2>\n<a href=\"https:\/\/enmoderesponsable.com\/pages\/partenaire-boutique-art-inca\" target=\"_blank\" class=\"button primary lowercase\" rel=\"noopener\" >\n\t\t<span>See the article (french only)<\/span>\n\t<\/a>\n\n\n\n\t\t<\/div>\n\t<\/div>\n\t\n\t\n\n\t\t<\/div>\n\t\t\t\t\t<\/div>\n\n\t\n\n<\/div>\n\n\t\t<\/div>\n\n\t\t\n<style>\n#section_1206254234 {\n  padding-top: 30px;\n  padding-bottom: 30px;\n  background-color: rgb(255, 255, 255);\n}\n<\/style>\n\t<\/section>\n\t\n\n\t<section class=\"section\" id=\"section_491417304\">\n\t\t<div class=\"section-bg fill\" >\n\t\t\t\t\t\t\t\t\t\n\t\t\t\n\n\t\t<\/div>\n\n\t\t\n\n\t\t<div class=\"section-content relative\">\n\t\t\t\n\n<div class=\"row row-large align-center row-divided\"  id=\"row-1230835554\">\n\n\n\t<div id=\"col-1520240079\" class=\"col medium-4 large-4\"  >\n\t\t\t\t<div class=\"col-inner\"  >\n\t\t\t\n\t\t\t\n\n\n\t<a class=\"plain\" href=\"https:\/\/myrosebuddha.com\/fr\/blogs\/journal\/the-50-best-eco-friendly-christmas-gifts\" target=\"_blank\" rel=\"noopener\" >\t<div class=\"icon-box featured-box icon-box-center text-center\"  style=\"margin:0px 0px 0px 0px;\">\n\t\t\t\t\t<div class=\"icon-box-img has-icon-bg\" style=\"width: 20px\">\n\t\t\t\t<div class=\"icon\">\n\t\t\t\t\t<div class=\"icon-inner\" style=\"border-width:2px;\">\n\t\t\t\t\t\t\t\t\t\t\t<\/div>\n\t\t\t\t<\/div>\n\t\t\t<\/div>\n\t\t\t\t<div class=\"icon-box-text last-reset\">\n\t\t\t<h5 class=\"uppercase\">noovomoi.ca<\/h5>\t\t\t\t\t\t\n\n<h2>32 belles marques qu\u00e9b\u00e9coises que tu dois conna\u00eetre (et encourager) absolument!\n<\/h2>\n<a href=\"https:\/\/www.noovomoi.ca\/vivre\/bien-etre\/article.entreprises-locales-connaitre-encourager.1.11999654.html\" target=\"_blank\" class=\"button primary lowercase\" rel=\"noopener\" >\n\t\t<span>See the article (french only)<\/span>\n\t<\/a>\n\n\n\n\t\t<\/div>\n\t<\/div>\n\t<\/a>\n\t\n\n\t\t<\/div>\n\t\t\t\t\t<\/div>\n\n\t\n\n\t<div id=\"col-1578620961\" class=\"col medium-4 large-4\"  >\n\t\t\t\t<div class=\"col-inner\"  >\n\t\t\t\n\t\t\t\n\n\n\t\t<div class=\"icon-box featured-box icon-box-center text-center\"  style=\"margin:0px 0px 0px 0px;\">\n\t\t\t\t\t<div class=\"icon-box-img has-icon-bg\" style=\"width: 20px\">\n\t\t\t\t<div class=\"icon\">\n\t\t\t\t\t<div class=\"icon-inner\" style=\"border-width:2px;\">\n\t\t\t\t\t\t\t\t\t\t\t<\/div>\n\t\t\t\t<\/div>\n\t\t\t<\/div>\n\t\t\t\t<div class=\"icon-box-text last-reset\">\n\t\t\t<h5 class=\"uppercase\">nightlife.ca<\/h5>\t\t\t\t\t\t\n\n<h2>6 id\u00e9es cadeaux \u00e0 offrir \u00e0 votre belle-maman ador\u00e9e!<\/h2>\n<a href=\"https:\/\/nightlife.ca\/2020\/11\/21\/6-idees-cadeaux-a-offrir-a-votre-belle-maman-adoree\/\" target=\"_blank\" class=\"button primary lowercase\" rel=\"noopener\" >\n\t\t<span>See the article (french only)<\/span>\n\t<\/a>\n\n\n\n\t\t<\/div>\n\t<\/div>\n\t\n\t\n\n\t\t<\/div>\n\t\t\t\t\t<\/div>\n\n\t\n\n\t<div id=\"col-513308224\" class=\"col medium-4 large-4\"  >\n\t\t\t\t<div class=\"col-inner\"  >\n\t\t\t\n\t\t\t\n\n\n\t\t<\/div>\n\t\t\t\t\t<\/div>\n\n\t\n\n<\/div>\n\n\t\t<\/div>\n\n\t\t\n<style>\n#section_491417304 {\n  padding-top: 30px;\n  padding-bottom: 30px;\n  background-color: rgb(255, 255, 255);\n}\n<\/style>\n\t<\/section>\n\t\n\n","protected":false},"excerpt":{"rendered":"","protected":false},"author":1,"featured_media":0,"parent":0,"menu_order":0,"comment_status":"closed","ping_status":"closed","template":"page-blank.php","meta":{"footnotes":""},"class_list":["post-90936","page","type-page","status-publish","hentry"],"yoast_head":"<!-- This site is optimized with the Yoast SEO plugin v27.3 - https:\/\/yoast.com\/product\/yoast-seo-wordpress\/ -->\n<title>Revue de presse - Boutique art Inca<\/title>\n<meta name=\"robots\" content=\"index, follow, max-snippet:-1, max-image-preview:large, max-video-preview:-1\" \/>\n<link rel=\"canonical\" href=\"https:\/\/boutiqueartinca.com\/en\/revue-de-presse\/\" \/>\n<meta property=\"og:locale\" content=\"en_US\" \/>\n<meta property=\"og:type\" content=\"article\" \/>\n<meta property=\"og:title\" content=\"Revue de presse - Boutique art Inca\" \/>\n<meta property=\"og:url\" content=\"https:\/\/boutiqueartinca.com\/en\/revue-de-presse\/\" \/>\n<meta property=\"og:site_name\" content=\"Boutique art Inca\" \/>\n<meta property=\"article:publisher\" content=\"https:\/\/www.facebook.com\/Boutiquecadeauartinca\/\" \/>\n<meta property=\"article:modified_time\" content=\"2021-12-03T14:22:13+00:00\" \/>\n<meta property=\"og:image\" content=\"https:\/\/boutiqueartinca.com\/wp-content\/uploads\/2013\/08\/boutique-art-inca2.jpg\" \/>\n\t<meta property=\"og:image:width\" content=\"1200\" \/>\n\t<meta property=\"og:image:height\" content=\"630\" \/>\n\t<meta property=\"og:image:type\" content=\"image\/jpeg\" \/>\n<meta name=\"twitter:card\" content=\"summary_large_image\" \/>\n<meta name=\"twitter:site\" content=\"@boutiqueartInca\" \/>\n<meta name=\"twitter:label1\" content=\"Est. reading time\" \/>\n\t<meta name=\"twitter:data1\" content=\"2 minutes\" \/>\n<script type=\"application\/ld+json\" class=\"yoast-schema-graph\">{\"@context\":\"https:\\\/\\\/schema.org\",\"@graph\":[{\"@type\":\"WebPage\",\"@id\":\"https:\\\/\\\/boutiqueartinca.com\\\/en\\\/revue-de-presse\\\/\",\"url\":\"https:\\\/\\\/boutiqueartinca.com\\\/en\\\/revue-de-presse\\\/\",\"name\":\"Revue de presse - Boutique art Inca\",\"isPartOf\":{\"@id\":\"https:\\\/\\\/boutiqueartinca.com\\\/en\\\/#website\"},\"datePublished\":\"2020-11-27T02:07:01+00:00\",\"dateModified\":\"2021-12-03T14:22:13+00:00\",\"breadcrumb\":{\"@id\":\"https:\\\/\\\/boutiqueartinca.com\\\/en\\\/revue-de-presse\\\/#breadcrumb\"},\"inLanguage\":\"en-CA\",\"potentialAction\":[{\"@type\":\"ReadAction\",\"target\":[\"https:\\\/\\\/boutiqueartinca.com\\\/en\\\/revue-de-presse\\\/\"]}]},{\"@type\":\"BreadcrumbList\",\"@id\":\"https:\\\/\\\/boutiqueartinca.com\\\/en\\\/revue-de-presse\\\/#breadcrumb\",\"itemListElement\":[{\"@type\":\"ListItem\",\"position\":1,\"name\":\"Accueil\",\"item\":\"https:\\\/\\\/boutiqueartinca.com\\\/en\\\/\"},{\"@type\":\"ListItem\",\"position\":2,\"name\":\"Revue de presse\"}]},{\"@type\":\"WebSite\",\"@id\":\"https:\\\/\\\/boutiqueartinca.com\\\/en\\\/#website\",\"url\":\"https:\\\/\\\/boutiqueartinca.com\\\/en\\\/\",\"name\":\"Boutique art Inca\",\"description\":\"Laine d&#039;alpaga, artisanat et plus!\",\"publisher\":{\"@id\":\"https:\\\/\\\/boutiqueartinca.com\\\/en\\\/#organization\"},\"potentialAction\":[{\"@type\":\"SearchAction\",\"target\":{\"@type\":\"EntryPoint\",\"urlTemplate\":\"https:\\\/\\\/boutiqueartinca.com\\\/en\\\/?s={search_term_string}\"},\"query-input\":{\"@type\":\"PropertyValueSpecification\",\"valueRequired\":true,\"valueName\":\"search_term_string\"}}],\"inLanguage\":\"en-CA\"},{\"@type\":\"Organization\",\"@id\":\"https:\\\/\\\/boutiqueartinca.com\\\/en\\\/#organization\",\"name\":\"Boutique art Inca\",\"url\":\"https:\\\/\\\/boutiqueartinca.com\\\/en\\\/\",\"logo\":{\"@type\":\"ImageObject\",\"inLanguage\":\"en-CA\",\"@id\":\"https:\\\/\\\/boutiqueartinca.com\\\/en\\\/#\\\/schema\\\/logo\\\/image\\\/\",\"url\":\"https:\\\/\\\/boutiqueartinca.com\\\/wp-content\\\/uploads\\\/2016\\\/05\\\/logo_inca_header.png\",\"contentUrl\":\"https:\\\/\\\/boutiqueartinca.com\\\/wp-content\\\/uploads\\\/2016\\\/05\\\/logo_inca_header.png\",\"width\":293,\"height\":101,\"caption\":\"Boutique art Inca\"},\"image\":{\"@id\":\"https:\\\/\\\/boutiqueartinca.com\\\/en\\\/#\\\/schema\\\/logo\\\/image\\\/\"},\"sameAs\":[\"https:\\\/\\\/www.facebook.com\\\/Boutiquecadeauartinca\\\/\",\"https:\\\/\\\/x.com\\\/boutiqueartInca\",\"https:\\\/\\\/www.instagram.com\\\/alpagainca\\\/\",\"https:\\\/\\\/www.linkedin.com\\\/company\\\/boutique-art-inca\\\/\",\"https:\\\/\\\/www.pinterest.com\\\/boutiqueartinca\\\/\"]}]}<\/script>\n<!-- \/ Yoast SEO plugin. -->","yoast_head_json":{"title":"Revue de presse - Boutique art Inca","robots":{"index":"index","follow":"follow","max-snippet":"max-snippet:-1","max-image-preview":"max-image-preview:large","max-video-preview":"max-video-preview:-1"},"canonical":"https:\/\/boutiqueartinca.com\/en\/revue-de-presse\/","og_locale":"en_US","og_type":"article","og_title":"Revue de presse - Boutique art Inca","og_url":"https:\/\/boutiqueartinca.com\/en\/revue-de-presse\/","og_site_name":"Boutique art Inca","article_publisher":"https:\/\/www.facebook.com\/Boutiquecadeauartinca\/","article_modified_time":"2021-12-03T14:22:13+00:00","og_image":[{"width":1200,"height":630,"url":"https:\/\/boutiqueartinca.com\/wp-content\/uploads\/2013\/08\/boutique-art-inca2.jpg","type":"image\/jpeg"}],"twitter_card":"summary_large_image","twitter_site":"@boutiqueartInca","twitter_misc":{"Est. reading time":"2 minutes"},"schema":{"@context":"https:\/\/schema.org","@graph":[{"@type":"WebPage","@id":"https:\/\/boutiqueartinca.com\/en\/revue-de-presse\/","url":"https:\/\/boutiqueartinca.com\/en\/revue-de-presse\/","name":"Revue de presse - Boutique art Inca","isPartOf":{"@id":"https:\/\/boutiqueartinca.com\/en\/#website"},"datePublished":"2020-11-27T02:07:01+00:00","dateModified":"2021-12-03T14:22:13+00:00","breadcrumb":{"@id":"https:\/\/boutiqueartinca.com\/en\/revue-de-presse\/#breadcrumb"},"inLanguage":"en-CA","potentialAction":[{"@type":"ReadAction","target":["https:\/\/boutiqueartinca.com\/en\/revue-de-presse\/"]}]},{"@type":"BreadcrumbList","@id":"https:\/\/boutiqueartinca.com\/en\/revue-de-presse\/#breadcrumb","itemListElement":[{"@type":"ListItem","position":1,"name":"Accueil","item":"https:\/\/boutiqueartinca.com\/en\/"},{"@type":"ListItem","position":2,"name":"Revue de presse"}]},{"@type":"WebSite","@id":"https:\/\/boutiqueartinca.com\/en\/#website","url":"https:\/\/boutiqueartinca.com\/en\/","name":"Boutique art Inca","description":"Laine d&#039;alpaga, artisanat et plus!","publisher":{"@id":"https:\/\/boutiqueartinca.com\/en\/#organization"},"potentialAction":[{"@type":"SearchAction","target":{"@type":"EntryPoint","urlTemplate":"https:\/\/boutiqueartinca.com\/en\/?s={search_term_string}"},"query-input":{"@type":"PropertyValueSpecification","valueRequired":true,"valueName":"search_term_string"}}],"inLanguage":"en-CA"},{"@type":"Organization","@id":"https:\/\/boutiqueartinca.com\/en\/#organization","name":"Boutique art Inca","url":"https:\/\/boutiqueartinca.com\/en\/","logo":{"@type":"ImageObject","inLanguage":"en-CA","@id":"https:\/\/boutiqueartinca.com\/en\/#\/schema\/logo\/image\/","url":"https:\/\/boutiqueartinca.com\/wp-content\/uploads\/2016\/05\/logo_inca_header.png","contentUrl":"https:\/\/boutiqueartinca.com\/wp-content\/uploads\/2016\/05\/logo_inca_header.png","width":293,"height":101,"caption":"Boutique art Inca"},"image":{"@id":"https:\/\/boutiqueartinca.com\/en\/#\/schema\/logo\/image\/"},"sameAs":["https:\/\/www.facebook.com\/Boutiquecadeauartinca\/","https:\/\/x.com\/boutiqueartInca","https:\/\/www.instagram.com\/alpagainca\/","https:\/\/www.linkedin.com\/company\/boutique-art-inca\/","https:\/\/www.pinterest.com\/boutiqueartinca\/"]}]}},"_links":{"self":[{"href":"https:\/\/boutiqueartinca.com\/en\/wp-json\/wp\/v2\/pages\/90936","targetHints":{"allow":["GET"]}}],"collection":[{"href":"https:\/\/boutiqueartinca.com\/en\/wp-json\/wp\/v2\/pages"}],"about":[{"href":"https:\/\/boutiqueartinca.com\/en\/wp-json\/wp\/v2\/types\/page"}],"author":[{"embeddable":true,"href":"https:\/\/boutiqueartinca.com\/en\/wp-json\/wp\/v2\/users\/1"}],"replies":[{"embeddable":true,"href":"https:\/\/boutiqueartinca.com\/en\/wp-json\/wp\/v2\/comments?post=90936"}],"version-history":[{"count":7,"href":"https:\/\/boutiqueartinca.com\/en\/wp-json\/wp\/v2\/pages\/90936\/revisions"}],"predecessor-version":[{"id":93473,"href":"https:\/\/boutiqueartinca.com\/en\/wp-json\/wp\/v2\/pages\/90936\/revisions\/93473"}],"wp:attachment":[{"href":"https:\/\/boutiqueartinca.com\/en\/wp-json\/wp\/v2\/media?parent=90936"}],"curies":[{"name":"wp","href":"https:\/\/api.w.org\/{rel}","templated":true}]}}